{"id":1114,"date":"2012-11-30T19:54:15","date_gmt":"2012-11-30T17:54:15","guid":{"rendered":"http:\/\/www.darkart.cz\/?page_id=1114"},"modified":"2012-11-30T19:54:15","modified_gmt":"2012-11-30T17:54:15","slug":"tisky","status":"publish","type":"page","link":"https:\/\/darkart.cz\/?page_id=1114","title":{"rendered":"Tisky"},"content":{"rendered":"<p style=\"text-align: justify;\"><img loading=\"lazy\" class=\"alignleft size-full wp-image-480\" title=\"head_prodej\" src=\"http:\/\/www.darkart.cz\/wp-content\/2008\/05\/head_prodej.jpg\" alt=\"\" width=\"120\" height=\"120\" \/>Prodej autorsk\u00fdch tisk\u016f vybran\u00fdch prac\u00ed kvalitn\u00edmi inkousty na zaj\u00edmav\u00e9 materi\u00e1ly. V\u0161echny tisky jsou signov\u00e1ny, o\u010d\u00edslov\u00e1ny a prov\u00e1z\u00ed je certifik\u00e1t. Tisky je mo\u017en\u00e9 po\u0159\u00eddit v r\u016fzn\u00fdch velikostech a na r\u016fzn\u00fdch podkladech. V p\u0159\u00edpad\u011b, \u017ee pot\u0159ebujete jin\u00fd typ podkladu nebo form\u00e1tu, lze zak\u00e1zku \u0159e\u0161it individu\u00e1ln\u011b. Syst\u00e9m velikost\u00ed jsem rozd\u011blil do p\u011bti stup\u0148\u016f, kter\u00e9 pokr\u00fdvaj\u00ed dostate\u010dn\u011b cel\u00fd rozsah tiskov\u00e9ho pole. Podklad jsem vybral s ohledem na n\u00e1m\u011bty tisk\u016f i jejich zp\u016fsoby u\u017eit\u00ed. Z\u00e1kladn\u00ed typy podkladu jsou dva &#8211; pap\u00edr, nebo pl\u00e1tno.<\/p>\n<p style=\"text-align: justify;\"><strong>Pap\u00edr<\/strong> &#8211; klasick\u00fd tiskov\u00fd podklad. Nab\u00edz\u00edm t\u0159i typy pap\u00edru, p\u0159i\u010dem\u017e dva jsou vysoce kvalitn\u00ed archiva\u010dn\u00ed pap\u00edry, kter\u00e9 garantuj\u00ed st\u00e1lost po mnoho let, nehroz\u00ed u nich tedy \u017eloutnut\u00ed. Obvykle se tak\u00e9 nelaminuj\u00ed, ale pouze adjustuj\u00ed (lep\u00ed na kapa desku).<\/p>\n<ul style=\"text-align: justify;\">\n<li>Photo Mat &#8211; kvalitn\u00ed fotopap\u00edr o gram\u00e1\u017ei cca 210 g\/cm2 ur\u010den\u00fd pro detailn\u00ed reprodukce, \u010dist\u011b matn\u00fd pap\u00edr k\u0159\u00eddov\u00e9ho typu. P\u0159i adjustaci je nutn\u00e9 jej je\u0161t\u011b laminovat pro povrchovou ochranu.<\/li>\n<\/ul>\n<ul style=\"text-align: justify;\">\n<li>UltraSmooth Fine Art &#8211; archiva\u010dn\u00ed pap\u00edr, 100% bavlna, v\u00fdrobce Epson, gram\u00e1\u017e cca 250 g\/cm2. Pouze se adjustuje, laminovat lze, ale laminace degraduje t\u0159\u00eddu pap\u00edru.<\/li>\n<\/ul>\n<ul style=\"text-align: justify;\">\n<li>Bright White Rag &#8211; archiva\u010dn\u00ed pap\u00edr, 100% hadrovina, v\u00fdrobce Hahnem\u00fchle, gram\u00e1\u017e cca 310 g\/cm2. Pouze se adjustuje, laminovat lze, ale laminace degraduje t\u0159\u00eddu pap\u00edru.<\/li>\n<\/ul>\n<p style=\"text-align: justify;\"><strong>Pl\u00e1tno<\/strong> &#8211; efektn\u00ed tiskov\u00fd podklad s jemnou strukturou, vzhledem k n\u00e1m\u011bt\u016fm tisk\u016f je tato struktura pravideln\u00e1, bez simulace \u00fatk\u016f klasick\u00e9ho pl\u00e1tna. Pl\u00e1tno se nap\u00edn\u00e1 na d\u0159ev\u011bn\u00fd r\u00e1m, poti\u0161t\u011bn\u00e9 jsou i hrany a nen\u00ed tak nutn\u011b vy\u017eadov\u00e1n r\u00e1m. Pl\u00e1tno tak lze hned pov\u011bsit na ze\u010f, p\u0159\u00edpadn\u011b si vybrat r\u00e1m a zar\u00e1movat jej.<\/p>\n<ul style=\"text-align: justify;\">\n<li>Hahnem\u00fchle Daguerre &#8211; kvalitn\u00ed pl\u00e1tno s jemnou strukturou, gram\u00e1\u017e 400 g\/m2, speci\u00e1ln\u011b navr\u017een\u00e9 pro pigmentov\u00fd tisk, detail srovnateln\u00fd s fotopap\u00edrem.<\/li>\n<\/ul>\n<p style=\"text-align: justify;\">Adjustac\u00ed se mysl\u00ed nalepen\u00ed pap\u00edru na kapa desku, p\u0159\u00edpadn\u011b napnut\u00ed pl\u00e1tna na r\u00e1m. M\u00e9 tisky si m\u016f\u017eete koupit ve t\u0159ech form\u00e1ch:<\/p>\n<ul style=\"text-align: justify;\">\n<li>Samotn\u00fd pap\u00edr &#8211; tisk je ve form\u011b archu nebo role, odesl\u00e1n v tubusu.<\/li>\n<\/ul>\n<ul style=\"text-align: justify;\">\n<li>Adjustovan\u00fd pap\u00edr &#8211; tisk je nalepen\u00fd na kapa desku a v p\u0159\u00edpad\u011b pap\u00edru Photo Mat je opat\u0159en vrstvou plastov\u00e9 laminace, kter\u00e1 jej chr\u00e1n\u00ed.<\/li>\n<\/ul>\n<ul style=\"text-align: justify;\">\n<li>Pl\u00e1tno &#8211; tisk je vyti\u0161t\u011bn\u00fd na pevn\u00e9m pl\u00e1tn\u011b, kter\u00e9 je napnuto na d\u0159ev\u011bn\u00e9m r\u00e1mu. U velk\u00fdch tisk\u016f je pl\u00e1tno vyztu\u017eeno k\u0159\u00ed\u017eem.<\/li>\n<\/ul>\n<p style=\"text-align: justify;\">Tisk je prov\u00e1d\u011bn kvalitn\u00edmi, sv\u011btlost\u00e1l\u00fdmi inkousty Epson, dvan\u00e1ctibarvotiskem, do \u0161\u00ed\u0159e jedn\u00e9 strany 1100mm (v p\u0159\u00edpad\u011b pap\u00edru) a 950mm (v p\u0159\u00edpad\u011b pl\u00e1tna).<\/p>\n<p style=\"text-align: justify;\">Po dohod\u011b je mo\u017en\u00e9 prov\u00e9st i r\u00e1mov\u00e1n\u00ed, p\u0159\u00edpadn\u011b zasklen\u00ed. R\u00e1my z pochopiteln\u00fdch d\u016fvod\u016f p\u0159\u00edmo nenab\u00edz\u00edm, ale spolupracuji s r\u00e1movac\u00edm studiem, kter\u00e9 pou\u017e\u00edv\u00e1 nap\u0159. r\u00e1my Nielsen. Nen\u00ed tak probl\u00e9m vybrat po konzultaci konkr\u00e9tn\u00ed r\u00e1m a tisk do n\u011bj um\u00edstit. Tato \u010d\u00e1st je tedy zcela individu\u00e1ln\u00ed.<\/p>\n<p style=\"text-align: justify;\">Uveden\u00e9 ceny tisk\u016f jsou bez DPH.<\/p>\n<p style=\"text-align: justify;\">Baln\u00e9 a po\u0161tovn\u00e9 se odv\u00edj\u00ed od typu tisku, jeho velikosti a v\u00e1hy, kalkulov\u00e1no je tedy tak\u00e9 individu\u00e1ln\u011b.<\/p>\n<p style=\"text-align: justify;\">Nab\u00eddka tisk\u016f se bude postupn\u011b rozr\u016fstat.<\/p>\n<p style=\"text-align: justify;\"><img loading=\"lazy\" class=\"aligncenter size-full wp-image-1117\" title=\"table_complex_1\" src=\"http:\/\/www.darkart.cz\/wp-content\/2012\/11\/table_complex_1.png\" alt=\"\" width=\"500\" height=\"523\" srcset=\"https:\/\/darkart.cz\/wp-content\/2012\/11\/table_complex_1.png 500w, https:\/\/darkart.cz\/wp-content\/2012\/11\/table_complex_1-200x209.png 200w\" sizes=\"(max-width: 500px) 100vw, 500px\" \/><\/p>\n<p style=\"text-align: justify;\"><img loading=\"lazy\" class=\"aligncenter size-full wp-image-1121\" title=\"table_emperor\" src=\"http:\/\/www.darkart.cz\/wp-content\/2012\/11\/table_emperor.png\" alt=\"\" width=\"500\" height=\"523\" srcset=\"https:\/\/darkart.cz\/wp-content\/2012\/11\/table_emperor.png 500w, https:\/\/darkart.cz\/wp-content\/2012\/11\/table_emperor-200x209.png 200w\" sizes=\"(max-width: 500px) 100vw, 500px\" \/><\/p>\n<p style=\"text-align: justify;\"><img loading=\"lazy\" class=\"aligncenter size-full wp-image-1123\" title=\"table_tezcatlipoca\" src=\"http:\/\/www.darkart.cz\/wp-content\/2012\/11\/table_tezcatlipoca.png\" alt=\"\" width=\"500\" height=\"523\" srcset=\"https:\/\/darkart.cz\/wp-content\/2012\/11\/table_tezcatlipoca.png 500w, https:\/\/darkart.cz\/wp-content\/2012\/11\/table_tezcatlipoca-200x209.png 200w\" sizes=\"(max-width: 500px) 100vw, 500px\" \/><\/p>\n<p style=\"text-align: justify;\"><img loading=\"lazy\" class=\"aligncenter size-full wp-image-1125\" title=\"table_metal_phoenix\" src=\"http:\/\/www.darkart.cz\/wp-content\/2012\/11\/table_metal_phoenix.png\" alt=\"\" width=\"500\" height=\"523\" srcset=\"https:\/\/darkart.cz\/wp-content\/2012\/11\/table_metal_phoenix.png 500w, https:\/\/darkart.cz\/wp-content\/2012\/11\/table_metal_phoenix-200x209.png 200w\" sizes=\"(max-width: 500px) 100vw, 500px\" \/><\/p>\n<p style=\"text-align: justify;\"><img loading=\"lazy\" class=\"aligncenter size-full wp-image-1126\" title=\"table_puppets\" src=\"http:\/\/www.darkart.cz\/wp-content\/2012\/11\/table_puppets.png\" alt=\"\" width=\"500\" height=\"523\" srcset=\"https:\/\/darkart.cz\/wp-content\/2012\/11\/table_puppets.png 500w, https:\/\/darkart.cz\/wp-content\/2012\/11\/table_puppets-200x209.png 200w\" sizes=\"(max-width: 500px) 100vw, 500px\" \/><\/p>\n<p>&nbsp;<\/p>\n","protected":false},"excerpt":{"rendered":"<p>Prodej autorsk\u00fdch tisk\u016f vybran\u00fdch prac\u00ed kvalitn\u00edmi inkousty na zaj\u00edmav\u00e9 materi\u00e1ly. V\u0161echny tisky jsou signov\u00e1ny, o\u010d\u00edslov\u00e1ny a prov\u00e1z\u00ed je certifik\u00e1t. Tisky je mo\u017en\u00e9 po\u0159\u00eddit v r\u016fzn\u00fdch velikostech a na r\u016fzn\u00fdch podkladech. V p\u0159\u00edpad\u011b, \u017ee pot\u0159ebujete jin\u00fd typ podkladu nebo form\u00e1tu, lze zak\u00e1zku \u0159e\u0161it individu\u00e1ln\u011b. Syst\u00e9m velikost\u00ed jsem rozd\u011blil do p\u011bti stup\u0148\u016f, kter\u00e9 pokr\u00fdvaj\u00ed dostate\u010dn\u011b cel\u00fd rozsah [&hellip;]<\/p>\n","protected":false},"author":1,"featured_media":0,"parent":0,"menu_order":0,"comment_status":"open","ping_status":"open","template":"","meta":{"ngg_post_thumbnail":0},"_links":{"self":[{"href":"https:\/\/darkart.cz\/index.php?rest_route=\/wp\/v2\/pages\/1114"}],"collection":[{"href":"https:\/\/darkart.cz\/index.php?rest_route=\/wp\/v2\/pages"}],"about":[{"href":"https:\/\/darkart.cz\/index.php?rest_route=\/wp\/v2\/types\/page"}],"author":[{"embeddable":true,"href":"https:\/\/darkart.cz\/index.php?rest_route=\/wp\/v2\/users\/1"}],"replies":[{"embeddable":true,"href":"https:\/\/darkart.cz\/index.php?rest_route=%2Fwp%2Fv2%2Fcomments&post=1114"}],"version-history":[{"count":8,"href":"https:\/\/darkart.cz\/index.php?rest_route=\/wp\/v2\/pages\/1114\/revisions"}],"predecessor-version":[{"id":1128,"href":"https:\/\/darkart.cz\/index.php?rest_route=\/wp\/v2\/pages\/1114\/revisions\/1128"}],"wp:attachment":[{"href":"https:\/\/darkart.cz\/index.php?rest_route=%2Fwp%2Fv2%2Fmedia&parent=1114"}],"curies":[{"name":"wp","href":"https:\/\/api.w.org\/{rel}","templated":true}]}}