{"id":485,"date":"2008-05-19T22:30:41","date_gmt":"2008-05-19T20:30:41","guid":{"rendered":"http:\/\/www.darkart.cz\/?page_id=485"},"modified":"2009-03-03T17:47:38","modified_gmt":"2009-03-03T15:47:38","slug":"prodej-plastiky","status":"publish","type":"page","link":"https:\/\/darkart.cz\/?page_id=485","title":{"rendered":"Prodej &#8211; plastiky"},"content":{"rendered":"<table border=\"0\" cellspacing=\"0\" width=\"500\">\n<tbody>\n<tr valign=\"top\">\n<td style=\"text-align: justify; height: 150px;\" valign=\"top\">\n<p style=\"text-align: justify;\"><img loading=\"lazy\" class=\"attachment wp-att-480 alignleft\" style=\"float: left; margin-right: 10px;\" src=\"http:\/\/www.darkart.cz\/wp-content\/2008\/05\/head_prodej.jpg\" alt=\"head_prodej\" width=\"120\" height=\"120\" \/><\/p>\n<p style=\"text-align: justify;\">Ve sv\u00e9 autorsk\u00e9 pr\u00e1ci se mimo jin\u00e9 zab\u00fdv\u00e1m tvorbou trojrozm\u011brn\u00fdch origin\u00e1ln\u00edch plastik, kter\u00e9 jsou zalo\u017een\u00e9 na r\u016fzn\u00fdch motivech. Ka\u017ed\u00e1 plastika je osobit\u00e9 autorsk\u00e9 d\u00edlo, kter\u00e9 je vyvedeno v jednom, nebo n\u011bkolika m\u00e1lo kusech, maxim\u00e1ln\u011b v\u0161ak v p\u011bti. Pro p\u0159\u00edznivce m\u00e9 tvorby nab\u00edz\u00edm ale z\u00e1rove\u0148 i limitovan\u00e9 s\u00e9rie n\u011bkter\u00fdch plastik, vyroben\u00fdch z r\u016fzn\u00fdch materi\u00e1l\u016f. Tyto plastiky jsou nab\u00edzeny a\u017e do vyprod\u00e1n\u00ed s\u00e9rie. Ka\u017ed\u00e1 plastika je opat\u0159ena jasn\u011b viditeln\u00fdm \u010d\u00edslem v s\u00e9rii a signaturou. Limitac\u00ed je zaru\u010dena jedine\u010dnost takov\u00e9 plastiky. Ka\u017ed\u00e1 plastika je vyr\u00e1b\u011bna ru\u010dn\u011b, pro konkr\u00e9tn\u00edho \u010dlov\u011bka. Proto, i kdy\u017e jde o odlitky, je v\u017edy jedine\u010dn\u00e1 a odli\u0161n\u00e1 od ostatn\u00edch kus\u016f v s\u00e9rii. Pokud je takov\u00e1 plastika vyvedena pouze v p\u011bti a m\u00e9n\u011b kusech, lze ka\u017edou z nich podle z\u00e1kona \u010cR pova\u017eovat za origin\u00e1l. Samotn\u00e1 v\u00fdroba zab\u00edr\u00e1 ur\u010dit\u00fd \u010das, proto nen\u00ed mo\u017en\u00e9 plastiku dodat okam\u017eit\u011b, nicm\u00e9n\u011b na term\u00ednu dod\u00e1n\u00ed se lze domluvit individu\u00e1ln\u011b. V p\u0159\u00edpad\u011b z\u00e1jmu mne <a href=\"http:\/\/www.darkart.cz\/wp-admin\/?page_id=17\">kontaktujte<\/a>.<\/p>\n<p style=\"text-align: justify;\">\n<\/td>\n<\/tr>\n<tr>\n<td><\/td>\n<\/tr>\n<tr style=\"background-color: #000000;\">\n<td style=\"text-align: center;\"><strong>Maur<\/strong><\/td>\n<\/tr>\n<tr>\n<td>\n<p style=\"text-align: center;\"><img loading=\"lazy\" class=\"attachment wp-att-486 centered\" src=\"http:\/\/www.darkart.cz\/wp-content\/2008\/05\/maur.jpg\" alt=\"maur\" width=\"436\" height=\"500\" \/><\/p>\n<\/td>\n<\/tr>\n<tr>\n<td style=\"text-align: right;\"><strong>12000,-<\/strong><\/td>\n<\/tr>\n<tr>\n<td>\n<p style=\"text-align: justify;\">MAUR &#8211; antropomorfn\u00ed plastika, obli\u010dej, maska. Velikost\u00ed odpov\u00edd\u00e1 p\u0159ibli\u017en\u011b lidsk\u00e9 hlav\u011b, je ur\u010dena k zav\u011b\u0161en\u00ed na ze\u010f. Materi\u00e1l je polyesterov\u00fd sklolamin\u00e1t a ocel. <strong>Omezen\u00e1 s\u00e9rie 20 kus\u016f.<\/strong> Ka\u017ed\u00fd kus je signov\u00e1n a \u010d\u00edslov\u00e1n. Pro z\u00e1jemce je mo\u017eno vytvo\u0159it unik\u00e1tn\u00ed bronzov\u00fd odlitek (cena na dotaz). V\u00edce fotografi\u00ed najdete <a href=\"http:\/\/www.darkart.cz\/?page_id=365\">zde<\/a>.<\/p>\n<\/td>\n<\/tr>\n<tr>\n<td><\/td>\n<\/tr>\n<tr>\n<td style=\"text-align: center; background-color: #000000;\"><strong>Trilobit<\/strong><\/td>\n<\/tr>\n<tr>\n<td><img loading=\"lazy\" class=\"attachment wp-att-629 alignleft\" src=\"http:\/\/www.darkart.cz\/wp-content\/2009\/03\/trilobit.jpg\" alt=\"\" width=\"500\" height=\"427\" \/><\/td>\n<\/tr>\n<tr>\n<td style=\"text-align: right;\"><strong>6000,-<\/strong><\/td>\n<\/tr>\n<tr>\n<td style=\"text-align: justify;\">TRILOBIT &#8211; dekorativn\u00ed plastika s velk\u00fdm detailem. Velikost p\u0159ibli\u017en\u011b 18x19cm, ur\u010deno k zav\u011b\u0161en\u00ed na ze\u010f. Materi\u00e1l je polyuretanov\u00e1 prysky\u0159ice, opat\u0159en\u00e1 patinou. \u010c\u00edslov\u00e1no. Pro z\u00e1jemce je mo\u017eno vytvo\u0159it unik\u00e1tn\u00ed bronzov\u00fd odlitek (cena na dotaz). V\u00edce fotografi\u00ed najdete <a href=\"http:\/\/www.darkart.cz\/?p=600\">zde<\/a>.<\/td>\n<\/tr>\n<\/tbody>\n<\/table>\n","protected":false},"excerpt":{"rendered":"<p>Ve sv\u00e9 autorsk\u00e9 pr\u00e1ci se mimo jin\u00e9 zab\u00fdv\u00e1m tvorbou trojrozm\u011brn\u00fdch origin\u00e1ln\u00edch plastik, kter\u00e9 jsou zalo\u017een\u00e9 na r\u016fzn\u00fdch motivech. Ka\u017ed\u00e1 plastika je osobit\u00e9 autorsk\u00e9 d\u00edlo, kter\u00e9 je vyvedeno v jednom, nebo n\u011bkolika m\u00e1lo kusech, maxim\u00e1ln\u011b v\u0161ak v p\u011bti. Pro p\u0159\u00edznivce m\u00e9 tvorby nab\u00edz\u00edm ale z\u00e1rove\u0148 i limitovan\u00e9 s\u00e9rie n\u011bkter\u00fdch plastik, vyroben\u00fdch z r\u016fzn\u00fdch materi\u00e1l\u016f. Tyto plastiky [&hellip;]<\/p>\n","protected":false},"author":1,"featured_media":0,"parent":0,"menu_order":40,"comment_status":"closed","ping_status":"open","template":"","meta":{"ngg_post_thumbnail":0},"_links":{"self":[{"href":"https:\/\/darkart.cz\/index.php?rest_route=\/wp\/v2\/pages\/485"}],"collection":[{"href":"https:\/\/darkart.cz\/index.php?rest_route=\/wp\/v2\/pages"}],"about":[{"href":"https:\/\/darkart.cz\/index.php?rest_route=\/wp\/v2\/types\/page"}],"author":[{"embeddable":true,"href":"https:\/\/darkart.cz\/index.php?rest_route=\/wp\/v2\/users\/1"}],"replies":[{"embeddable":true,"href":"https:\/\/darkart.cz\/index.php?rest_route=%2Fwp%2Fv2%2Fcomments&post=485"}],"version-history":[{"count":0,"href":"https:\/\/darkart.cz\/index.php?rest_route=\/wp\/v2\/pages\/485\/revisions"}],"wp:attachment":[{"href":"https:\/\/darkart.cz\/index.php?rest_route=%2Fwp%2Fv2%2Fmedia&parent=485"}],"curies":[{"name":"wp","href":"https:\/\/api.w.org\/{rel}","templated":true}]}}